{"id":266,"date":"2016-02-16T12:35:55","date_gmt":"2016-02-16T11:35:55","guid":{"rendered":"http:\/\/www.anaiscallens.com\/photographies\/?post_type=product&#038;p=266"},"modified":"2018-11-30T11:56:34","modified_gmt":"2018-11-30T10:56:34","slug":"etienne-daho-diskonoir-tour-livre-soft","status":"publish","type":"product","link":"https:\/\/www.anaiscallens.com\/photographies\/produit\/etienne-daho-diskonoir-tour-livre-soft\/","title":{"rendered":"Etienne Daho . Disk\u00f6noir Tour &#8211; Livre Soft"},"content":{"rendered":"<p>Revivez l\u2019aventure du Disk\u00f6noir Tour au travers d&rsquo;un recueil photographique.<\/p>\n<p>Ce livre rassemble une s\u00e9rie de photos prises lors des concerts d\u2019Etienne Daho durant sa derni\u00e8re tourn\u00e9e intitul\u00e9e \u00ab\u00a0Disk\u00f6noir Tour\u00a0\u00bb. Les clich\u00e9s sont mis en relation avec les billets \u00e9crits par l\u2019artiste lui-m\u00eame au fil de la route, rendus publics sur Facebook. Life on a tourbus. Avec l\u2019aimable autorisation de Satori Songs et la participation de Jean Ellgass en pr\u00e9face.<\/p>\n<p>Livre, \u00e9dition\u00a0soft, pr\u00e9sentant une s\u00e9lection de photos sur 124 pages au format 23 x 23 cm \u00e0 couverture souple.<\/p>\n<p>Livraison propos\u00e9e via Relais Kiala vers la <a href=\"https:\/\/www.kiala.be\/locate-and-select\" target=\"_blank\">Belgique<\/a>, le <a href=\"https:\/\/www.kiala.be\/locate-and-select\" target=\"_blank\">Luxembourg<\/a> et la <a href=\"https:\/\/www.kiala.fr\/locate-and-select\" target=\"_blank\">France<\/a>. Veuillez pr\u00e9ciser votre point de retrait lors de la commande. Autre mode de livraison possible : me contacter par mail <a href=\"mailto:contact@anaiscallens.com\">ici<\/a>.<\/p>\n<p><a href=\"https:\/\/www.youtube.com\/watch?v=GuzVIlnuTxg\" target=\"_blank\">Voir la\u00a0vid\u00e9o<\/a><\/p>\n","protected":false},"excerpt":{"rendered":"<p>Livre, \u00e9dition\u00a0soft, pr\u00e9sentant une s\u00e9lection de photos sur 124 pages au format 23 x 23 cm \u00e0 couverture souple.<\/p>\n","protected":false},"featured_media":267,"comment_status":"open","ping_status":"closed","template":"","meta":[],"product_brand":[],"product_cat":[34,13],"product_tag":[],"class_list":{"0":"post-266","1":"product","2":"type-product","3":"status-publish","4":"has-post-thumbnail","6":"product_cat-life-is-musique","7":"product_cat-livre","9":"first","10":"outofstock","11":"shipping-taxable","12":"purchasable","13":"product-type-simple"},"_links":{"self":[{"href":"https:\/\/www.anaiscallens.com\/photographies\/wp-json\/wp\/v2\/product\/266","targetHints":{"allow":["GET"]}}],"collection":[{"href":"https:\/\/www.anaiscallens.com\/photographies\/wp-json\/wp\/v2\/product"}],"about":[{"href":"https:\/\/www.anaiscallens.com\/photographies\/wp-json\/wp\/v2\/types\/product"}],"replies":[{"embeddable":true,"href":"https:\/\/www.anaiscallens.com\/photographies\/wp-json\/wp\/v2\/comments?post=266"}],"wp:featuredmedia":[{"embeddable":true,"href":"https:\/\/www.anaiscallens.com\/photographies\/wp-json\/wp\/v2\/media\/267"}],"wp:attachment":[{"href":"https:\/\/www.anaiscallens.com\/photographies\/wp-json\/wp\/v2\/media?parent=266"}],"wp:term":[{"taxonomy":"product_brand","embeddable":true,"href":"https:\/\/www.anaiscallens.com\/photographies\/wp-json\/wp\/v2\/product_brand?post=266"},{"taxonomy":"product_cat","embeddable":true,"href":"https:\/\/www.anaiscallens.com\/photographies\/wp-json\/wp\/v2\/product_cat?post=266"},{"taxonomy":"product_tag","embeddable":true,"href":"https:\/\/www.anaiscallens.com\/photographies\/wp-json\/wp\/v2\/product_tag?post=266"}],"curies":[{"name":"wp","href":"https:\/\/api.w.org\/{rel}","templated":true}]}}